{"id":30,"date":"2025-03-26T13:57:42","date_gmt":"2025-03-26T13:57:42","guid":{"rendered":"https:\/\/saltywavestudios.de\/?page_id=30"},"modified":"2025-09-16T16:57:09","modified_gmt":"2025-09-16T16:57:09","slug":"about","status":"publish","type":"page","link":"https:\/\/saltywavestudios.de\/en\/about\/","title":{"rendered":"About"},"content":{"rendered":"<figure class=\"wp-block-image aligncenter size-large is-resized\"><img loading=\"lazy\" decoding=\"async\" width=\"48\" height=\"48\" src=\"https:\/\/saltywavestudios.de\/wp-content\/uploads\/2025\/03\/Logo_Icon.svg\" alt=\"\" class=\"wp-image-25\" style=\"width:188px;height:auto\"\/><\/figure>\n\n\n\n<h2 class=\"wp-block-heading has-text-align-center\">About<\/h2>\n\n\n\n<p class=\"has-text-align-center\">Salty Wave Studios is a small development studio in the north of Germany, not far from the rough Baltic Sea.<\/p>\n\n\n\n<p class=\"has-text-align-center\">Salty Wave Studios stands for relaxed games without time pressure or competitive elements, as well as inclusive game mechanics.<\/p>\n\n\n\n<p class=\"has-text-align-center\">It is our wish to open up the joy of gaming to everyone.<\/p>\n\n\n\n<p><\/p>","protected":false},"excerpt":{"rendered":"<p>\u00dcber uns Salty Wave Studios ist ein kleines Entwicklerstudio im Norden Deutschlands unweit der rauen Ostsee. Salty Wave Studios steht f\u00fcr entspannte Spiele ohne Zeitdruck oder kompetitive Elemente, sowie inklusive Spielmechaniken. Wir m\u00f6chten allen Menschen erm\u00f6glichen, Computerspiele zu erleben.<\/p>","protected":false},"author":1,"featured_media":0,"parent":0,"menu_order":0,"comment_status":"closed","ping_status":"closed","template":"","meta":{"inline_featured_image":false,"footnotes":""},"class_list":["post-30","page","type-page","status-publish","hentry"],"_links":{"self":[{"href":"https:\/\/saltywavestudios.de\/en\/wp-json\/wp\/v2\/pages\/30","targetHints":{"allow":["GET"]}}],"collection":[{"href":"https:\/\/saltywavestudios.de\/en\/wp-json\/wp\/v2\/pages"}],"about":[{"href":"https:\/\/saltywavestudios.de\/en\/wp-json\/wp\/v2\/types\/page"}],"author":[{"embeddable":true,"href":"https:\/\/saltywavestudios.de\/en\/wp-json\/wp\/v2\/users\/1"}],"replies":[{"embeddable":true,"href":"https:\/\/saltywavestudios.de\/en\/wp-json\/wp\/v2\/comments?post=30"}],"version-history":[{"count":3,"href":"https:\/\/saltywavestudios.de\/en\/wp-json\/wp\/v2\/pages\/30\/revisions"}],"predecessor-version":[{"id":192,"href":"https:\/\/saltywavestudios.de\/en\/wp-json\/wp\/v2\/pages\/30\/revisions\/192"}],"wp:attachment":[{"href":"https:\/\/saltywavestudios.de\/en\/wp-json\/wp\/v2\/media?parent=30"}],"curies":[{"name":"wp","href":"https:\/\/api.w.org\/{rel}","templated":true}]}}